{"id":2,"date":"2025-12-05T17:20:18","date_gmt":"2025-12-05T17:20:18","guid":{"rendered":"https:\/\/sarahnogier.ch\/?page_id=2"},"modified":"2025-12-09T19:59:47","modified_gmt":"2025-12-09T19:59:47","slug":"sample-page","status":"publish","type":"page","link":"https:\/\/sarahnogier.ch\/","title":{"rendered":"Willkommen"},"content":{"rendered":"\n<div class=\"wp-block-group alignfull\" style=\"padding-top:var(--wp--preset--spacing--30);padding-right:var(--wp--preset--spacing--30);padding-bottom:var(--wp--preset--spacing--30);padding-left:var(--wp--preset--spacing--30)\"><div class=\"wp-block-group__inner-container is-layout-constrained wp-container-core-group-is-layout-97875daf wp-block-group-is-layout-constrained\">\n<div class=\"wp-block-columns is-layout-flex wp-container-core-columns-is-layout-9d6595d7 wp-block-columns-is-layout-flex\">\n<div class=\"wp-block-column is-layout-flow wp-block-column-is-layout-flow\">\n<div class=\"wp-block-group alignwide is-content-justification-space-between is-layout-flex wp-container-core-group-is-layout-256aec57 wp-block-group-is-layout-flex\">\n<div class=\"wp-block-group is-layout-flex wp-block-group-is-layout-flex\"><h4 class=\"has-text-align-left has-link-color wp-elements-72a6cbdf6641d60b69b4c8485d0c6d1c wp-block-site-title\"><a href=\"https:\/\/sarahnogier.ch\" target=\"_self\" rel=\"home\">Sarah Nogier \u2013 Schmuck<\/a><\/h4><\/div>\n<\/div>\n<\/div>\n\n\n\n<div class=\"wp-block-column is-layout-flow wp-block-column-is-layout-flow\">\n<figure class=\"wp-block-image size-large\"><img loading=\"lazy\" decoding=\"async\" width=\"1024\" height=\"1024\" src=\"https:\/\/sarahnogier.ch\/wp-content\/uploads\/2025\/12\/Introbild_1-1024x1024.jpg\" alt=\"\" class=\"wp-image-228\" srcset=\"https:\/\/sarahnogier.ch\/wp-content\/uploads\/2025\/12\/Introbild_1-1024x1024.jpg 1024w, https:\/\/sarahnogier.ch\/wp-content\/uploads\/2025\/12\/Introbild_1-300x300.jpg 300w, https:\/\/sarahnogier.ch\/wp-content\/uploads\/2025\/12\/Introbild_1-100x100.jpg 100w, https:\/\/sarahnogier.ch\/wp-content\/uploads\/2025\/12\/Introbild_1-600x600.jpg 600w, https:\/\/sarahnogier.ch\/wp-content\/uploads\/2025\/12\/Introbild_1-150x150.jpg 150w, https:\/\/sarahnogier.ch\/wp-content\/uploads\/2025\/12\/Introbild_1-768x768.jpg 768w, https:\/\/sarahnogier.ch\/wp-content\/uploads\/2025\/12\/Introbild_1-650x650.jpg 650w, https:\/\/sarahnogier.ch\/wp-content\/uploads\/2025\/12\/Introbild_1.jpg 1080w\" sizes=\"auto, (max-width: 1024px) 100vw, 1024px\" \/><\/figure>\n<\/div>\n<\/div>\n<\/div><\/div>\n\n\n\n<div class=\"wp-block-qi-blocks-advanced-text qodef-block-container qodef-block-85c4a73c\"><div class=\"qi-block-advanced-text qodef-block qodef-m\"><p>Ich bin ausgebildete Visuelle Gestalterin und habe seit 2 Jahren das Goldschmieden wiederentdeckt. Mit 18 Jahren entwarf ich experimentellen Plexiglasschmuck. Meine eigentliche Leidenschaft f\u00fcr Schmuck habe ich jedoch vor zwei Jahren neu entdeckt. Meine Schmuckst\u00fccke vereinen eine klare, grafische Formensprache mit der Freude am Experiment. Viele meiner Formen entwickeln sich aus meinen eigenen Schwarz-Weiss-Malereien. Jedes St\u00fcck ist aus Gold oder Silber gefertigt. So entstehen klare, eigenst\u00e4ndige und bewusst Unikate, die Pers\u00f6nlichkeit tragen und lange begleiten.<\/p><\/div><\/div>\n\n\n\n<div class=\"wp-block-columns is-layout-flex wp-container-core-columns-is-layout-9d6595d7 wp-block-columns-is-layout-flex\">\n<div class=\"wp-block-column is-layout-flow wp-block-column-is-layout-flow\">\n<figure class=\"wp-block-image size-large\"><img loading=\"lazy\" decoding=\"async\" width=\"1024\" height=\"1024\" src=\"https:\/\/sarahnogier.ch\/wp-content\/uploads\/2025\/12\/Introbild_2-1024x1024.jpg\" alt=\"\" class=\"wp-image-259\" srcset=\"https:\/\/sarahnogier.ch\/wp-content\/uploads\/2025\/12\/Introbild_2-1024x1024.jpg 1024w, https:\/\/sarahnogier.ch\/wp-content\/uploads\/2025\/12\/Introbild_2-300x300.jpg 300w, https:\/\/sarahnogier.ch\/wp-content\/uploads\/2025\/12\/Introbild_2-100x100.jpg 100w, https:\/\/sarahnogier.ch\/wp-content\/uploads\/2025\/12\/Introbild_2-600x600.jpg 600w, https:\/\/sarahnogier.ch\/wp-content\/uploads\/2025\/12\/Introbild_2-150x150.jpg 150w, https:\/\/sarahnogier.ch\/wp-content\/uploads\/2025\/12\/Introbild_2-768x768.jpg 768w, https:\/\/sarahnogier.ch\/wp-content\/uploads\/2025\/12\/Introbild_2-650x650.jpg 650w, https:\/\/sarahnogier.ch\/wp-content\/uploads\/2025\/12\/Introbild_2.jpg 1080w\" sizes=\"auto, (max-width: 1024px) 100vw, 1024px\" \/><\/figure>\n<\/div>\n\n\n\n<div class=\"wp-block-column is-layout-flow wp-block-column-is-layout-flow\"><\/div>\n<\/div>\n","protected":false},"excerpt":{"rendered":"","protected":false},"author":1,"featured_media":0,"parent":0,"menu_order":0,"comment_status":"closed","ping_status":"open","template":"","meta":{"content-type":"","footnotes":""},"class_list":["post-2","page","type-page","status-publish","hentry"],"yoast_head":"<!-- This site is optimized with the Yoast SEO plugin v26.5 - https:\/\/yoast.com\/wordpress\/plugins\/seo\/ -->\n<title>Willkommen - Sarah Nogier \u2013 Schmuck<\/title>\n<meta name=\"robots\" content=\"index, follow, max-snippet:-1, max-image-preview:large, max-video-preview:-1\" \/>\n<link rel=\"canonical\" href=\"https:\/\/sarahnogier.ch\/\" \/>\n<meta property=\"og:locale\" content=\"de_DE\" \/>\n<meta property=\"og:type\" content=\"article\" \/>\n<meta property=\"og:title\" content=\"Willkommen - Sarah Nogier \u2013 Schmuck\" \/>\n<meta property=\"og:url\" content=\"https:\/\/sarahnogier.ch\/\" \/>\n<meta property=\"og:site_name\" content=\"Sarah Nogier \u2013 Schmuck\" \/>\n<meta property=\"article:modified_time\" content=\"2025-12-09T19:59:47+00:00\" \/>\n<meta property=\"og:image\" content=\"https:\/\/sarahnogier.ch\/wp-content\/uploads\/2025\/12\/Introbild_1.jpg\" \/>\n\t<meta property=\"og:image:width\" content=\"1080\" \/>\n\t<meta property=\"og:image:height\" content=\"1080\" \/>\n\t<meta property=\"og:image:type\" content=\"image\/jpeg\" \/>\n<meta name=\"twitter:card\" content=\"summary_large_image\" \/>\n<meta name=\"twitter:label1\" content=\"Gesch\u00e4tzte Lesezeit\" \/>\n\t<meta name=\"twitter:data1\" content=\"1\u00a0Minute\" \/>\n<script type=\"application\/ld+json\" class=\"yoast-schema-graph\">{\"@context\":\"https:\/\/schema.org\",\"@graph\":[{\"@type\":\"WebPage\",\"@id\":\"https:\/\/sarahnogier.ch\/\",\"url\":\"https:\/\/sarahnogier.ch\/\",\"name\":\"Willkommen - Sarah Nogier \u2013 Schmuck\",\"isPartOf\":{\"@id\":\"https:\/\/sarahnogier.ch\/#website\"},\"primaryImageOfPage\":{\"@id\":\"https:\/\/sarahnogier.ch\/#primaryimage\"},\"image\":{\"@id\":\"https:\/\/sarahnogier.ch\/#primaryimage\"},\"thumbnailUrl\":\"https:\/\/sarahnogier.ch\/wp-content\/uploads\/2025\/12\/Introbild_1-1024x1024.jpg\",\"datePublished\":\"2025-12-05T17:20:18+00:00\",\"dateModified\":\"2025-12-09T19:59:47+00:00\",\"breadcrumb\":{\"@id\":\"https:\/\/sarahnogier.ch\/#breadcrumb\"},\"inLanguage\":\"de\",\"potentialAction\":[{\"@type\":\"ReadAction\",\"target\":[\"https:\/\/sarahnogier.ch\/\"]}]},{\"@type\":\"ImageObject\",\"inLanguage\":\"de\",\"@id\":\"https:\/\/sarahnogier.ch\/#primaryimage\",\"url\":\"https:\/\/sarahnogier.ch\/wp-content\/uploads\/2025\/12\/Introbild_1.jpg\",\"contentUrl\":\"https:\/\/sarahnogier.ch\/wp-content\/uploads\/2025\/12\/Introbild_1.jpg\",\"width\":1080,\"height\":1080},{\"@type\":\"BreadcrumbList\",\"@id\":\"https:\/\/sarahnogier.ch\/#breadcrumb\",\"itemListElement\":[{\"@type\":\"ListItem\",\"position\":1,\"name\":\"Startseite\",\"item\":\"https:\/\/sarahnogier.ch\/\"},{\"@type\":\"ListItem\",\"position\":2,\"name\":\"Willkommen\"}]},{\"@type\":\"WebSite\",\"@id\":\"https:\/\/sarahnogier.ch\/#website\",\"url\":\"https:\/\/sarahnogier.ch\/\",\"name\":\"Sarah Nogier \u2013 Schmuck\",\"description\":\"Schmuckdesignerin\",\"publisher\":{\"@id\":\"https:\/\/sarahnogier.ch\/#organization\"},\"potentialAction\":[{\"@type\":\"SearchAction\",\"target\":{\"@type\":\"EntryPoint\",\"urlTemplate\":\"https:\/\/sarahnogier.ch\/?s={search_term_string}\"},\"query-input\":{\"@type\":\"PropertyValueSpecification\",\"valueRequired\":true,\"valueName\":\"search_term_string\"}}],\"inLanguage\":\"de\"},{\"@type\":\"Organization\",\"@id\":\"https:\/\/sarahnogier.ch\/#organization\",\"name\":\"Sarah Nogier \u2013 Schmuck\",\"url\":\"https:\/\/sarahnogier.ch\/\",\"logo\":{\"@type\":\"ImageObject\",\"inLanguage\":\"de\",\"@id\":\"https:\/\/sarahnogier.ch\/#\/schema\/logo\/image\/\",\"url\":\"https:\/\/sarahnogier.ch\/wp-content\/uploads\/2025\/12\/Logo_SN_Transparent.png\",\"contentUrl\":\"https:\/\/sarahnogier.ch\/wp-content\/uploads\/2025\/12\/Logo_SN_Transparent.png\",\"width\":512,\"height\":512,\"caption\":\"Sarah Nogier \u2013 Schmuck\"},\"image\":{\"@id\":\"https:\/\/sarahnogier.ch\/#\/schema\/logo\/image\/\"}}]}<\/script>\n<!-- \/ Yoast SEO plugin. -->","yoast_head_json":{"title":"Willkommen - Sarah Nogier \u2013 Schmuck","robots":{"index":"index","follow":"follow","max-snippet":"max-snippet:-1","max-image-preview":"max-image-preview:large","max-video-preview":"max-video-preview:-1"},"canonical":"https:\/\/sarahnogier.ch\/","og_locale":"de_DE","og_type":"article","og_title":"Willkommen - Sarah Nogier \u2013 Schmuck","og_url":"https:\/\/sarahnogier.ch\/","og_site_name":"Sarah Nogier \u2013 Schmuck","article_modified_time":"2025-12-09T19:59:47+00:00","og_image":[{"width":1080,"height":1080,"url":"https:\/\/sarahnogier.ch\/wp-content\/uploads\/2025\/12\/Introbild_1.jpg","type":"image\/jpeg"}],"twitter_card":"summary_large_image","twitter_misc":{"Gesch\u00e4tzte Lesezeit":"1\u00a0Minute"},"schema":{"@context":"https:\/\/schema.org","@graph":[{"@type":"WebPage","@id":"https:\/\/sarahnogier.ch\/","url":"https:\/\/sarahnogier.ch\/","name":"Willkommen - Sarah Nogier \u2013 Schmuck","isPartOf":{"@id":"https:\/\/sarahnogier.ch\/#website"},"primaryImageOfPage":{"@id":"https:\/\/sarahnogier.ch\/#primaryimage"},"image":{"@id":"https:\/\/sarahnogier.ch\/#primaryimage"},"thumbnailUrl":"https:\/\/sarahnogier.ch\/wp-content\/uploads\/2025\/12\/Introbild_1-1024x1024.jpg","datePublished":"2025-12-05T17:20:18+00:00","dateModified":"2025-12-09T19:59:47+00:00","breadcrumb":{"@id":"https:\/\/sarahnogier.ch\/#breadcrumb"},"inLanguage":"de","potentialAction":[{"@type":"ReadAction","target":["https:\/\/sarahnogier.ch\/"]}]},{"@type":"ImageObject","inLanguage":"de","@id":"https:\/\/sarahnogier.ch\/#primaryimage","url":"https:\/\/sarahnogier.ch\/wp-content\/uploads\/2025\/12\/Introbild_1.jpg","contentUrl":"https:\/\/sarahnogier.ch\/wp-content\/uploads\/2025\/12\/Introbild_1.jpg","width":1080,"height":1080},{"@type":"BreadcrumbList","@id":"https:\/\/sarahnogier.ch\/#breadcrumb","itemListElement":[{"@type":"ListItem","position":1,"name":"Startseite","item":"https:\/\/sarahnogier.ch\/"},{"@type":"ListItem","position":2,"name":"Willkommen"}]},{"@type":"WebSite","@id":"https:\/\/sarahnogier.ch\/#website","url":"https:\/\/sarahnogier.ch\/","name":"Sarah Nogier \u2013 Schmuck","description":"Schmuckdesignerin","publisher":{"@id":"https:\/\/sarahnogier.ch\/#organization"},"potentialAction":[{"@type":"SearchAction","target":{"@type":"EntryPoint","urlTemplate":"https:\/\/sarahnogier.ch\/?s={search_term_string}"},"query-input":{"@type":"PropertyValueSpecification","valueRequired":true,"valueName":"search_term_string"}}],"inLanguage":"de"},{"@type":"Organization","@id":"https:\/\/sarahnogier.ch\/#organization","name":"Sarah Nogier \u2013 Schmuck","url":"https:\/\/sarahnogier.ch\/","logo":{"@type":"ImageObject","inLanguage":"de","@id":"https:\/\/sarahnogier.ch\/#\/schema\/logo\/image\/","url":"https:\/\/sarahnogier.ch\/wp-content\/uploads\/2025\/12\/Logo_SN_Transparent.png","contentUrl":"https:\/\/sarahnogier.ch\/wp-content\/uploads\/2025\/12\/Logo_SN_Transparent.png","width":512,"height":512,"caption":"Sarah Nogier \u2013 Schmuck"},"image":{"@id":"https:\/\/sarahnogier.ch\/#\/schema\/logo\/image\/"}}]}},"jetpack_sharing_enabled":true,"_links":{"self":[{"href":"https:\/\/sarahnogier.ch\/index.php?rest_route=\/wp\/v2\/pages\/2","targetHints":{"allow":["GET"]}}],"collection":[{"href":"https:\/\/sarahnogier.ch\/index.php?rest_route=\/wp\/v2\/pages"}],"about":[{"href":"https:\/\/sarahnogier.ch\/index.php?rest_route=\/wp\/v2\/types\/page"}],"author":[{"embeddable":true,"href":"https:\/\/sarahnogier.ch\/index.php?rest_route=\/wp\/v2\/users\/1"}],"replies":[{"embeddable":true,"href":"https:\/\/sarahnogier.ch\/index.php?rest_route=%2Fwp%2Fv2%2Fcomments&post=2"}],"version-history":[{"count":20,"href":"https:\/\/sarahnogier.ch\/index.php?rest_route=\/wp\/v2\/pages\/2\/revisions"}],"predecessor-version":[{"id":334,"href":"https:\/\/sarahnogier.ch\/index.php?rest_route=\/wp\/v2\/pages\/2\/revisions\/334"}],"wp:attachment":[{"href":"https:\/\/sarahnogier.ch\/index.php?rest_route=%2Fwp%2Fv2%2Fmedia&parent=2"}],"curies":[{"name":"wp","href":"https:\/\/api.w.org\/{rel}","templated":true}]}}